{"id":454,"date":"2025-06-21T16:54:47","date_gmt":"2025-06-21T16:54:47","guid":{"rendered":"https:\/\/www.psychotherapie-ginser.at\/?page_id=454"},"modified":"2025-12-12T07:40:44","modified_gmt":"2025-12-12T07:40:44","slug":"rahmenbedinungen-2-2-2-2-2","status":"publish","type":"page","link":"https:\/\/www.psychotherapie-ginser.at\/index.php\/rahmenbedinungen-2-2-2-2-2\/","title":{"rendered":"\u00dcber mich"},"content":{"rendered":"\t\t<div data-elementor-type=\"wp-page\" data-elementor-id=\"454\" class=\"elementor elementor-454\">\n\t\t\t\t<div class=\"elementor-element elementor-element-759342a e-flex e-con-boxed e-con e-parent\" data-id=\"759342a\" data-element_type=\"container\" data-e-type=\"container\">\n\t\t\t\t\t<div class=\"e-con-inner\">\n\t\t<div class=\"elementor-element elementor-element-776ac74 e-con-full e-flex e-con e-child\" data-id=\"776ac74\" data-element_type=\"container\" data-e-type=\"container\">\n\t\t\t\t<div class=\"elementor-element elementor-element-8222963 elementor-widget__width-initial elementor-widget elementor-widget-image\" data-id=\"8222963\" data-element_type=\"widget\" data-e-type=\"widget\" data-widget_type=\"image.default\">\n\t\t\t\t<div class=\"elementor-widget-container\">\n\t\t\t\t\t\t\t\t\t\t\t\t\t\t\t<img fetchpriority=\"high\" decoding=\"async\" width=\"837\" height=\"847\" src=\"https:\/\/www.psychotherapie-ginser.at\/wp-content\/uploads\/2025\/06\/052_20210424_cschedl_vhs17-e1750518522998-1012x1024.webp\" class=\"attachment-large size-large wp-image-441\" alt=\"\" srcset=\"https:\/\/www.psychotherapie-ginser.at\/wp-content\/uploads\/2025\/06\/052_20210424_cschedl_vhs17-e1750518522998-1012x1024.webp 1012w, https:\/\/www.psychotherapie-ginser.at\/wp-content\/uploads\/2025\/06\/052_20210424_cschedl_vhs17-e1750518522998-296x300.webp 296w, https:\/\/www.psychotherapie-ginser.at\/wp-content\/uploads\/2025\/06\/052_20210424_cschedl_vhs17-e1750518522998-768x777.webp 768w, https:\/\/www.psychotherapie-ginser.at\/wp-content\/uploads\/2025\/06\/052_20210424_cschedl_vhs17-e1750518522998.webp 1264w\" sizes=\"(max-width: 837px) 100vw, 837px\" \/>\t\t\t\t\t\t\t\t\t\t\t\t\t\t\t<\/div>\n\t\t\t\t<\/div>\n\t\t\t\t<\/div>\n\t\t\t\t<div class=\"elementor-element elementor-element-e06eaa3 elementor-widget elementor-widget-heading\" data-id=\"e06eaa3\" data-element_type=\"widget\" data-e-type=\"widget\" data-widget_type=\"heading.default\">\n\t\t\t\t<div class=\"elementor-widget-container\">\n\t\t\t\t\t<h2 class=\"elementor-heading-title elementor-size-default\">Claudia Ginser<\/h2>\t\t\t\t<\/div>\n\t\t\t\t<\/div>\n\t\t\t\t<div class=\"elementor-element elementor-element-8522dd7 elementor-widget elementor-widget-text-editor\" data-id=\"8522dd7\" data-element_type=\"widget\" data-e-type=\"widget\" data-widget_type=\"text-editor.default\">\n\t\t\t\t<div class=\"elementor-widget-container\">\n\t\t\t\t\t\t\t\t\t<h4>Psychotherapeutin in Ausbildung unter Supervision<\/h4>\t\t\t\t\t\t\t\t<\/div>\n\t\t\t\t<\/div>\n\t\t\t\t\t<\/div>\n\t\t\t\t<\/div>\n\t\t<div class=\"elementor-element elementor-element-263f07d e-flex e-con-boxed e-con e-parent\" data-id=\"263f07d\" data-element_type=\"container\" data-e-type=\"container\">\n\t\t\t\t\t<div class=\"e-con-inner\">\n\t\t<div class=\"elementor-element elementor-element-c58e298 e-con-full e-flex e-con e-child\" data-id=\"c58e298\" data-element_type=\"container\" data-e-type=\"container\">\n\t\t\t\t<div class=\"elementor-element elementor-element-70eae83 elementor-widget elementor-widget-text-editor\" data-id=\"70eae83\" data-element_type=\"widget\" data-e-type=\"widget\" data-widget_type=\"text-editor.default\">\n\t\t\t\t<div class=\"elementor-widget-container\">\n\t\t\t\t\t\t\t\t\t<p>Meine berufliche Laufbahn habe ich als Sport- und Bewegungstherapeutin f\u00fcr Psychiatrie, Psychosomatik und Sucht begonnen und in diesem Beruf in ganz unterschiedlichen Kliniken und Gesundheitszentren gearbeitet. Als Psychotherapeutin profitiere ich von diesen Erfahrungen und lasse immer wieder k\u00f6rperbezogene Interventionen einflie\u00dfen.<\/p>\t\t\t\t\t\t\t\t<\/div>\n\t\t\t\t<\/div>\n\t\t\t\t<div class=\"elementor-element elementor-element-90be62e elementor-widget elementor-widget-text-editor\" data-id=\"90be62e\" data-element_type=\"widget\" data-e-type=\"widget\" data-widget_type=\"text-editor.default\">\n\t\t\t\t<div class=\"elementor-widget-container\">\n\t\t\t\t\t\t\t\t\t<p>In meiner langj\u00e4hrigen Beziehung habe ich erfahren, wie wichtig es ist, gemeinsam im Gespr\u00e4ch zu bleiben. Nur so kann gegenseitiges Verst\u00e4ndnis entstehen und aus einer schwierigen Phase ein Wachstumsgeschenk werden.<\/p>\t\t\t\t\t\t\t\t<\/div>\n\t\t\t\t<\/div>\n\t\t\t\t<div class=\"elementor-element elementor-element-5dcf4a1 elementor-widget elementor-widget-text-editor\" data-id=\"5dcf4a1\" data-element_type=\"widget\" data-e-type=\"widget\" data-widget_type=\"text-editor.default\">\n\t\t\t\t<div class=\"elementor-widget-container\">\n\t\t\t\t\t\t\t\t\t<p>Meine beiden Kinder haben mir beigebracht, zuzuh\u00f6ren, anstatt zu schnell zu urteilen, ehrlich und authentisch zu sein, anstatt eine Rolle zu spielen, und nicht zuletzt mit dem Leben zu tanzen, anstatt es zu kontrollieren.<\/p>\t\t\t\t\t\t\t\t<\/div>\n\t\t\t\t<\/div>\n\t\t\t\t<div class=\"elementor-element elementor-element-b37f79f elementor-widget elementor-widget-text-editor\" data-id=\"b37f79f\" data-element_type=\"widget\" data-e-type=\"widget\" data-widget_type=\"text-editor.default\">\n\t\t\t\t<div class=\"elementor-widget-container\">\n\t\t\t\t\t\t\t\t\t<p>Als Psychotherapeutin begleite ich gerne Menschen in schwierigen Lebensphasen und unterst\u00fctze sie dabei, neue Perspektiven und Wege zu finden. Psychotherapie verbindet f\u00fcr mich menschliche N\u00e4he mit fachlichem Wissen.<\/p>\t\t\t\t\t\t\t\t<\/div>\n\t\t\t\t<\/div>\n\t\t\t\t<\/div>\n\t\t\t\t\t<\/div>\n\t\t\t\t<\/div>\n\t\t<div class=\"elementor-element elementor-element-752499b e-con-full e-flex e-con e-parent\" data-id=\"752499b\" data-element_type=\"container\" data-e-type=\"container\">\n\t\t\t\t<div class=\"elementor-element elementor-element-f5d1908 elementor-widget elementor-widget-heading\" data-id=\"f5d1908\" data-element_type=\"widget\" data-e-type=\"widget\" data-widget_type=\"heading.default\">\n\t\t\t\t<div class=\"elementor-widget-container\">\n\t\t\t\t\t<h2 class=\"elementor-heading-title elementor-size-default\">Stationen als Psychotherapeutin<\/h2>\t\t\t\t<\/div>\n\t\t\t\t<\/div>\n\t\t\t\t<div class=\"elementor-element elementor-element-210155b elementor-widget elementor-widget-text-editor\" data-id=\"210155b\" data-element_type=\"widget\" data-e-type=\"widget\" data-widget_type=\"text-editor.default\">\n\t\t\t\t<div class=\"elementor-widget-container\">\n\t\t\t\t\t\t\t\t\t<p>Psychotherapeutin f\u00fcr Kinder und Jugendliche im <strong><a href=\"https:\/\/ist.or.at\/west\/\" target=\"_blank\" rel=\"noopener\">IST West &#8211; Institut f\u00fcr Systemische Therapie<\/a><\/strong><\/p><p>Lehrambulanz der <a href=\"https:\/\/oeas.at\/ambulanz\" target=\"_blank\" rel=\"noopener\"><strong>\u00d6AS<\/strong><\/a><\/p><p>Telefonseelsorge und Chatberatung f\u00fcr Kinder und Jugendliche bei der <a href=\"https:\/\/www.kids-line.at\/\" target=\"_blank\" rel=\"noopener\"><strong>kids-Line<\/strong><\/a><\/p><p>Evangelische Krankenhausseelsorge im <a href=\"https:\/\/www.akhwien.at\/default.aspx?pid=37942\" target=\"_blank\" rel=\"noopener\"><strong>AKH<\/strong><\/a><\/p><p>Klinisches Praktikum im <a href=\"https:\/\/www.ekhwien.at\/fachbereiche\/experten-teams\/psychologie\" target=\"_blank\" rel=\"noopener\"><strong>Evangelischen Krankenhaus<\/strong><\/a><\/p><p>Fortbildung Klinische Sexologie &amp; Sexocorporel <a href=\"https:\/\/www.lifelessons.de\/\" target=\"_blank\" rel=\"noopener\"><strong>lifelessions<\/strong><\/a><\/p><p>Fachspezifische Ausbildung in der <a href=\"https:\/\/oeas.at\/\" target=\"_blank\" rel=\"noopener\"><strong>\u00d6AS<\/strong> <\/a>(\u00d6sterreichische Vereinigung f\u00fcr Systemische Therapie &amp; Systemische Studien)<\/p><p>Psychotherapeutisches Prop\u00e4deutikum bei der <a href=\"https:\/\/www.vpl-weiterbildung.at\/\" target=\"_blank\" rel=\"noopener\"><strong>VPL<\/strong> <\/a>(Verein Personenzentriertes Lernen)<\/p>\t\t\t\t\t\t\t\t<\/div>\n\t\t\t\t<\/div>\n\t\t\t\t<\/div>\n\t\t<div class=\"elementor-element elementor-element-01f7f48 e-flex e-con-boxed e-con e-parent\" data-id=\"01f7f48\" data-element_type=\"container\" data-e-type=\"container\">\n\t\t\t\t\t<div class=\"e-con-inner\">\n\t\t\t\t<div class=\"elementor-element elementor-element-cd03d39 elementor-widget elementor-widget-testimonial\" data-id=\"cd03d39\" data-element_type=\"widget\" data-e-type=\"widget\" data-widget_type=\"testimonial.default\">\n\t\t\t\t<div class=\"elementor-widget-container\">\n\t\t\t\t\t\t\t<div class=\"elementor-testimonial-wrapper\">\n\t\t\t\t\t\t\t<div class=\"elementor-testimonial-content\">\u201eIch glaube daran, dass das gr\u00f6\u00dfte Geschenk, das ich von jemand empfangen kann, ist, <br>gesehen, geh\u00f6rt, verstanden und ber\u00fchrt zu werden.\u201c<\/div>\n\t\t\t\n\t\t\t\t\t\t<div class=\"elementor-testimonial-meta\">\n\t\t\t\t<div class=\"elementor-testimonial-meta-inner\">\n\t\t\t\t\t\n\t\t\t\t\t\t\t\t\t\t<div class=\"elementor-testimonial-details\">\n\t\t\t\t\t\t\t\t\t\t\t\t\t\t<div class=\"elementor-testimonial-name\">Virginia Satir<\/div>\n\t\t\t\t\t\t\t\t\t\t\t\t\t\t\t\t\t\t\t<\/div>\n\t\t\t\t\t\t\t\t\t<\/div>\n\t\t\t<\/div>\n\t\t\t\t\t<\/div>\n\t\t\t\t\t\t<\/div>\n\t\t\t\t<\/div>\n\t\t\t\t\t<\/div>\n\t\t\t\t<\/div>\n\t\t\t\t<\/div>\n\t\t","protected":false},"excerpt":{"rendered":"<p>Claudia Ginser Psychotherapeutin in Ausbildung unter Supervision Meine berufliche Laufbahn habe ich als Sport- und Bewegungstherapeutin f\u00fcr Psychiatrie, Psychosomatik und Sucht begonnen und in diesem Beruf in ganz unterschiedlichen Kliniken und Gesundheitszentren gearbeitet. Als Psychotherapeutin profitiere ich von diesen Erfahrungen und lasse immer wieder k\u00f6rperbezogene Interventionen einflie\u00dfen. In meiner langj\u00e4hrigen Beziehung habe ich erfahren, wie <a href=\"https:\/\/www.psychotherapie-ginser.at\/index.php\/rahmenbedinungen-2-2-2-2-2\/\" class=\"read-more below\">READ MORE<\/a><\/p>\n","protected":false},"author":2,"featured_media":441,"parent":0,"menu_order":1,"comment_status":"closed","ping_status":"closed","template":"elementor_header_footer","meta":{"footnotes":""},"class_list":["post-454","page","type-page","status-publish","has-post-thumbnail","hentry"],"_links":{"self":[{"href":"https:\/\/www.psychotherapie-ginser.at\/index.php\/wp-json\/wp\/v2\/pages\/454","targetHints":{"allow":["GET"]}}],"collection":[{"href":"https:\/\/www.psychotherapie-ginser.at\/index.php\/wp-json\/wp\/v2\/pages"}],"about":[{"href":"https:\/\/www.psychotherapie-ginser.at\/index.php\/wp-json\/wp\/v2\/types\/page"}],"author":[{"embeddable":true,"href":"https:\/\/www.psychotherapie-ginser.at\/index.php\/wp-json\/wp\/v2\/users\/2"}],"replies":[{"embeddable":true,"href":"https:\/\/www.psychotherapie-ginser.at\/index.php\/wp-json\/wp\/v2\/comments?post=454"}],"version-history":[{"count":79,"href":"https:\/\/www.psychotherapie-ginser.at\/index.php\/wp-json\/wp\/v2\/pages\/454\/revisions"}],"predecessor-version":[{"id":964,"href":"https:\/\/www.psychotherapie-ginser.at\/index.php\/wp-json\/wp\/v2\/pages\/454\/revisions\/964"}],"wp:featuredmedia":[{"embeddable":true,"href":"https:\/\/www.psychotherapie-ginser.at\/index.php\/wp-json\/wp\/v2\/media\/441"}],"wp:attachment":[{"href":"https:\/\/www.psychotherapie-ginser.at\/index.php\/wp-json\/wp\/v2\/media?parent=454"}],"curies":[{"name":"wp","href":"https:\/\/api.w.org\/{rel}","templated":true}]}}