{"id":175,"date":"2025-06-09T17:48:16","date_gmt":"2025-06-09T17:48:16","guid":{"rendered":"https:\/\/www.psychotherapie-ginser.at\/?page_id=175"},"modified":"2025-12-12T07:42:18","modified_gmt":"2025-12-12T07:42:18","slug":"rahmenbedinungen-3-2-2-2","status":"publish","type":"page","link":"https:\/\/www.psychotherapie-ginser.at\/index.php\/rahmenbedinungen-3-2-2-2\/","title":{"rendered":"Datenschutzerkl\u00e4rung"},"content":{"rendered":"\t\t<div data-elementor-type=\"wp-page\" data-elementor-id=\"175\" class=\"elementor elementor-175\">\n\t\t\t\t<div class=\"elementor-element elementor-element-5ae46a5 e-flex e-con-boxed e-con e-parent\" data-id=\"5ae46a5\" data-element_type=\"container\" data-e-type=\"container\">\n\t\t\t\t\t<div class=\"e-con-inner\">\n\t\t\t\t<div class=\"elementor-element elementor-element-e59d436 elementor-widget elementor-widget-text-editor\" data-id=\"e59d436\" data-element_type=\"widget\" data-e-type=\"widget\" data-widget_type=\"text-editor.default\">\n\t\t\t\t<div class=\"elementor-widget-container\">\n\t\t\t\t\t\t\t\t\t<p>Der Schutz Ihrer pers\u00f6nlichen Daten ist mir ein besonderes Anliegen. Ich verarbeite Ihre Daten daher ausschlie\u00dflich auf Grundlage der gesetzlichen Bestimmungen (DSGVO, TKG 2003). In dieser Datenschutzerkl\u00e4rung informiere ich Sie \u00fcber die wichtigsten Aspekte der Datenverarbeitung im Rahmen meiner Website.<\/p><h6><b>1. Kontakt mit mir<\/b><\/h6><p class=\"p3\">Wenn Sie per E-Mail oder Telefon Kontakt mit mir aufnehmen, werden Ihre angegebenen Daten zwecks Bearbeitung der Anfrage und f\u00fcr den Fall von Anschlussfragen bei mir gespeichert. Diese Daten gebe ich nicht ohne Ihre Einwilligung weiter.<\/p><h6><b>2. Server-Logfiles<\/b><\/h6><p><span style=\"font-size: 14px; color: #7a7a7a; letter-spacing: 0px; text-align: var(--text-align);\">Der Hosting-Provider dieser Website erhebt und speichert automatisch Informationen in sogenannten Server-Logfiles, die Ihr Browser automatisch an mich \u00fcbermittelt. Dies sind:<\/span><\/p><ul><li class=\"p1\">IP-Adresse des anfragenden Ger\u00e4ts<\/li><li class=\"p1\">Datum und Uhrzeit des Zugriffs<\/li><li class=\"p1\">Name und URL der abgerufenen Datei<\/li><li class=\"p1\">Website, von der aus der Zugriff erfolgt (Referrer-URL)<\/li><li class=\"p1\">Browsertyp, Browserversion und Betriebssystem<\/li><\/ul><p class=\"p3\">Diese Daten werden aus Sicherheitsgr\u00fcnden (z.\u202fB. zur Aufkl\u00e4rung von Missbrauch oder Betrug) f\u00fcr eine begrenzte Zeit gespeichert und danach automatisch gel\u00f6scht. Eine Zusammenf\u00fchrung dieser Daten mit anderen Datenquellen erfolgt nicht.<\/p><h6><b>3. Cookies<\/b><\/h6><p class=\"p3\">Meine Website verwendet <span class=\"s2\"><b>nur technisch notwendige Cookies<\/b><\/span>, z.\u202fB. zur Anzeige von Cookie-Hinweisen oder zum Schutz vor Spam. Es werden keine Cookies zur Nutzerverfolgung, Werbung oder Webanalyse verwendet.<\/p><p class=\"p3\">Die Verwaltung der Cookies erfolgt mit dem Tool <span class=\"s2\"><b>Real Cookie Banner<\/b><\/span>. Beim erstmaligen Besuch der Seite k\u00f6nnen Sie Ihre Zustimmung zur Nutzung von Cookies individuell verwalten.<\/p><h6><b>4. Webanalyse<\/b><\/h6><p class=\"p3\">Ich verwende <span class=\"s2\"><b>keine Tools zur Webanalyse<\/b><\/span> (z.\u202fB. Google Analytics oder Matomo). Es erfolgt keine Auswertung Ihres Nutzungsverhaltens.<\/p><h6><b>5. Externe Inhalte und Links<\/b><\/h6><p class=\"p3\">Meine Website kann Links zu externen Webseiten enthalten. F\u00fcr die Inhalte externer Seiten \u00fcbernehme ich keine Verantwortung. Es gilt die Datenschutzerkl\u00e4rung der jeweiligen Anbieter.<\/p><h6><b>6. Einsatz von WP Statistics<\/b><\/h6><p class=\"p3\">Diese Website nutzt das WordPress-Plugin <span class=\"s2\"><b>WP Statistics<\/b><\/span>, um anonyme statistische Auswertungen \u00fcber die Nutzung der Website zu erhalten. Anbieter dieses Plugins ist Veronalabs, 5460 West Main Street, Belleville, IL 62226, USA.<\/p><p class=\"p3\">WP Statistics speichert keine Cookies und anonymisiert IP-Adressen vor der Speicherung, sodass keine R\u00fcckschl\u00fcsse auf einzelne Personen m\u00f6glich sind. Die Daten werden ausschlie\u00dflich lokal auf dem Webserver gespeichert und nicht an Dritte weitergegeben.<\/p><p class=\"p3\">Die Datenverarbeitung erfolgt auf Grundlage von <span class=\"s2\"><b>Art. 6 Abs. 1 lit. f DSGVO<\/b><\/span> (berechtigtes Interesse an der statistischen Auswertung zur Verbesserung des Webangebots).<\/p><h6><b>7. <\/b><b>Ihre Rechte<\/b><\/h6><p class=\"p3\">Ihnen stehen gem\u00e4\u00df DSGVO grunds\u00e4tzlich folgende Rechte zu:<\/p><ul><li class=\"p1\">Recht auf Auskunft (Art. 15 DSGVO)<\/li><li class=\"p1\">Recht auf Berichtigung (Art. 16 DSGVO)<\/li><li class=\"p1\">Recht auf L\u00f6schung (\u201eRecht auf Vergessenwerden\u201c) (Art. 17 DSGVO)<\/li><li class=\"p1\">Recht auf Einschr\u00e4nkung der Verarbeitung (Art. 18 DSGVO)<\/li><li class=\"p1\">Recht auf Daten\u00fcbertragbarkeit (Art. 20 DSGVO)<\/li><li class=\"p1\">Recht auf Widerspruch gegen die Verarbeitung (Art. 21 DSGVO)<\/li><li class=\"p1\">Recht auf Beschwerde bei der Datenschutzbeh\u00f6rde (www.dsb.gv.at)<\/li><\/ul><h6><b>8. Verantwortliche Stelle<\/b><\/h6><p class=\"p4\"><b>Claudia Ginser<\/b><b><\/b><\/p><p class=\"p3\">Geblergasse 14 \/ Top 17<br \/>1170 Wien<br \/>\u00d6sterreich<\/p><p class=\"p3\">praxis(at)psychotherapie-ginser.at<br \/><span style=\"font-size: 14px; letter-spacing: 0px;\">+43 670 7715551<\/span><\/p><h6><b>9. Aktualit\u00e4t und \u00c4nderung dieser Datenschutzerkl\u00e4rung<\/b><\/h6><p class=\"p3\">Ich behalte mir vor, diese Datenschutzerkl\u00e4rung bei Bedarf zu aktualisieren, um sie an ge\u00e4nderte rechtliche Rahmenbedingungen oder neue Funktionen meiner Website anzupassen.<\/p><p class=\"p3\"><i>Stand: Juni 2025<\/i><\/p>\t\t\t\t\t\t\t\t<\/div>\n\t\t\t\t<\/div>\n\t\t\t\t\t<\/div>\n\t\t\t\t<\/div>\n\t\t\t\t<\/div>\n\t\t","protected":false},"excerpt":{"rendered":"<p>Der Schutz Ihrer pers\u00f6nlichen Daten ist mir ein besonderes Anliegen. Ich verarbeite Ihre Daten daher ausschlie\u00dflich auf Grundlage der gesetzlichen Bestimmungen (DSGVO, TKG 2003). In dieser Datenschutzerkl\u00e4rung informiere ich Sie \u00fcber die wichtigsten Aspekte der Datenverarbeitung im Rahmen meiner Website. 1. Kontakt mit mir Wenn Sie per E-Mail oder Telefon Kontakt mit mir aufnehmen, werden <a href=\"https:\/\/www.psychotherapie-ginser.at\/index.php\/rahmenbedinungen-3-2-2-2\/\" class=\"read-more below\">READ MORE<\/a><\/p>\n","protected":false},"author":3,"featured_media":0,"parent":0,"menu_order":0,"comment_status":"closed","ping_status":"closed","template":"elementor_header_footer","meta":{"footnotes":""},"class_list":["post-175","page","type-page","status-publish","hentry"],"_links":{"self":[{"href":"https:\/\/www.psychotherapie-ginser.at\/index.php\/wp-json\/wp\/v2\/pages\/175","targetHints":{"allow":["GET"]}}],"collection":[{"href":"https:\/\/www.psychotherapie-ginser.at\/index.php\/wp-json\/wp\/v2\/pages"}],"about":[{"href":"https:\/\/www.psychotherapie-ginser.at\/index.php\/wp-json\/wp\/v2\/types\/page"}],"author":[{"embeddable":true,"href":"https:\/\/www.psychotherapie-ginser.at\/index.php\/wp-json\/wp\/v2\/users\/3"}],"replies":[{"embeddable":true,"href":"https:\/\/www.psychotherapie-ginser.at\/index.php\/wp-json\/wp\/v2\/comments?post=175"}],"version-history":[{"count":19,"href":"https:\/\/www.psychotherapie-ginser.at\/index.php\/wp-json\/wp\/v2\/pages\/175\/revisions"}],"predecessor-version":[{"id":564,"href":"https:\/\/www.psychotherapie-ginser.at\/index.php\/wp-json\/wp\/v2\/pages\/175\/revisions\/564"}],"wp:attachment":[{"href":"https:\/\/www.psychotherapie-ginser.at\/index.php\/wp-json\/wp\/v2\/media?parent=175"}],"curies":[{"name":"wp","href":"https:\/\/api.w.org\/{rel}","templated":true}]}}