{"id":157,"date":"2025-06-09T17:32:45","date_gmt":"2025-06-09T17:32:45","guid":{"rendered":"https:\/\/www.psychotherapie-ginser.at\/?page_id=157"},"modified":"2025-08-26T08:21:11","modified_gmt":"2025-08-26T08:21:11","slug":"rahmenbedinungen-2-2-2-2","status":"publish","type":"page","link":"https:\/\/www.psychotherapie-ginser.at\/index.php\/rahmenbedinungen-2-2-2-2\/","title":{"rendered":"Meine Arbeitsweise"},"content":{"rendered":"\t\t<div data-elementor-type=\"wp-page\" data-elementor-id=\"157\" class=\"elementor elementor-157\">\n\t\t\t\t<div class=\"elementor-element elementor-element-a57b5c3 e-con-full e-flex e-con e-parent\" data-id=\"a57b5c3\" data-element_type=\"container\" data-e-type=\"container\">\n\t\t\t\t<div class=\"elementor-element elementor-element-b2f37c0 elementor-widget__width-initial elementor-widget-tablet__width-initial elementor-widget elementor-widget-image\" data-id=\"b2f37c0\" data-element_type=\"widget\" data-e-type=\"widget\" data-widget_type=\"image.default\">\n\t\t\t\t<div class=\"elementor-widget-container\">\n\t\t\t\t\t\t\t\t\t\t\t\t<figure class=\"wp-caption\">\n\t\t\t\t\t\t\t\t\t\t<img fetchpriority=\"high\" decoding=\"async\" width=\"768\" height=\"576\" src=\"https:\/\/www.psychotherapie-ginser.at\/wp-content\/uploads\/2025\/06\/IMG_4663-scaled-e1750517170364-768x576.webp\" class=\"attachment-medium_large size-medium_large wp-image-295\" alt=\"\" srcset=\"https:\/\/www.psychotherapie-ginser.at\/wp-content\/uploads\/2025\/06\/IMG_4663-scaled-e1750517170364-768x576.webp 768w, https:\/\/www.psychotherapie-ginser.at\/wp-content\/uploads\/2025\/06\/IMG_4663-scaled-e1750517170364-300x225.webp 300w, https:\/\/www.psychotherapie-ginser.at\/wp-content\/uploads\/2025\/06\/IMG_4663-scaled-e1750517170364-1024x768.webp 1024w, https:\/\/www.psychotherapie-ginser.at\/wp-content\/uploads\/2025\/06\/IMG_4663-scaled-e1750517170364-1536x1152.webp 1536w, https:\/\/www.psychotherapie-ginser.at\/wp-content\/uploads\/2025\/06\/IMG_4663-scaled-e1750517170364.webp 1920w\" sizes=\"(max-width: 768px) 100vw, 768px\" \/>\t\t\t\t\t\t\t\t\t\t\t<figcaption class=\"widget-image-caption wp-caption-text\">\u00ae Claudia Ginser<\/figcaption>\n\t\t\t\t\t\t\t\t\t\t<\/figure>\n\t\t\t\t\t\t\t\t\t<\/div>\n\t\t\t\t<\/div>\n\t\t<div class=\"elementor-element elementor-element-ba58dba e-con-full e-flex e-con e-child\" data-id=\"ba58dba\" data-element_type=\"container\" data-e-type=\"container\">\n\t\t\t\t<div class=\"elementor-element elementor-element-f44debd elementor-widget elementor-widget-heading\" data-id=\"f44debd\" data-element_type=\"widget\" data-e-type=\"widget\" data-widget_type=\"heading.default\">\n\t\t\t\t<div class=\"elementor-widget-container\">\n\t\t\t\t\t<h2 class=\"elementor-heading-title elementor-size-default\">Systemische Therapie<\/h2>\t\t\t\t<\/div>\n\t\t\t\t<\/div>\n\t\t\t\t<\/div>\n\t\t\t\t<div class=\"elementor-element elementor-element-fdc098e elementor-widget elementor-widget-text-editor\" data-id=\"fdc098e\" data-element_type=\"widget\" data-e-type=\"widget\" data-widget_type=\"text-editor.default\">\n\t\t\t\t<div class=\"elementor-widget-container\">\n\t\t\t\t\t\t\t\t\t<p>bedeutet, den Menschen in seinem Beziehungsgeflecht zu sehen und mit ihm gemeinsam neue Perspektiven, L\u00f6sungen und Wege zu entwickeln. Sie ist l\u00f6sungsorientiert, wertsch\u00e4tzend, kreativ und alltagsnah. Statt Ursachen lange zu analysieren, wird nach Handlungsspielraum gesucht \u2013 nach dem, was m\u00f6glich ist.<\/p><p>F\u00fcr viele ist genau das eine gro\u00dfe Erleichterung: In der systemischen Therapie geht es <strong>nicht darum, \u201erepariert\u201c zu werden<\/strong>, sondern <strong>die eigenen Ressourcen neu zu entdecken und aktiv zu gestalten, wie man leben m\u00f6chte.<\/strong><\/p>\t\t\t\t\t\t\t\t<\/div>\n\t\t\t\t<\/div>\n\t\t\t\t<\/div>\n\t\t<div class=\"elementor-element elementor-element-b25ec31 e-flex e-con-boxed e-con e-parent\" data-id=\"b25ec31\" data-element_type=\"container\" data-e-type=\"container\">\n\t\t\t\t\t<div class=\"e-con-inner\">\n\t\t\t\t<div class=\"elementor-element elementor-element-cfcdfc4 elementor-widget elementor-widget-heading\" data-id=\"cfcdfc4\" data-element_type=\"widget\" data-e-type=\"widget\" data-widget_type=\"heading.default\">\n\t\t\t\t<div class=\"elementor-widget-container\">\n\t\t\t\t\t<h2 class=\"elementor-heading-title elementor-size-default\">Typische Themen in der systemischen Therapie<\/h2>\t\t\t\t<\/div>\n\t\t\t\t<\/div>\n\t\t\t\t<div class=\"elementor-element elementor-element-11b7d14 elementor-widget elementor-widget-text-editor\" data-id=\"11b7d14\" data-element_type=\"widget\" data-e-type=\"widget\" data-widget_type=\"text-editor.default\">\n\t\t\t\t<div class=\"elementor-widget-container\">\n\t\t\t\t\t\t\t\t\t<p>Systemische Therapie eignet sich f\u00fcr <strong>Einzelpersonen, Paare, Familien und Gruppen<\/strong>. Sie wird u.\u202fa. bei folgenden Anliegen angewendet:<\/p><ul><li><strong>Famili\u00e4re Konflikte und belastende Beziehungsmuster,<\/strong><\/li><li><strong>Partnerschaftsprobleme und Trennungen,<\/strong><\/li><li><strong>Psychische Belastungen wie Depression, Angst, Essst\u00f6rungen oder psychosomatische Beschwerden,<\/strong><\/li><li><strong>Kinder- und Jugendprobleme, z.\u202fB. Schulverweigerung, ADHS, Selbstverletzung,<\/strong><\/li><li><strong>Herausforderungen im beruflichen Umfeld, z.\u202fB. Mobbing, Burnout,<\/strong><\/li><li><strong>Ver\u00e4nderungskrisen oder Lebens\u00fcberg\u00e4nge, z.\u202fB. Elternwerden, Pensionierung, Trauer.<\/strong><\/li><\/ul><p>Systemische Therapie<strong> versteht den Menschen in seinem Zusammenhang, <\/strong>sie schaut nicht nur auf das Symptom, sondern sieht das ganze Bild. Sie <strong>aktiviert Ressourcen <\/strong>anstatt Defizite zu betonen. Sie <strong>erm\u00f6glicht<\/strong> <strong>Ver\u00e4nderung<\/strong>, indem sie festgefahrene Muster durch neue Sichtweisen aufbricht.<\/p>\t\t\t\t\t\t\t\t<\/div>\n\t\t\t\t<\/div>\n\t\t<div class=\"elementor-element elementor-element-e55345c e-con-full e-flex e-con e-child\" data-id=\"e55345c\" data-element_type=\"container\" data-e-type=\"container\">\n\t\t\t\t<div class=\"elementor-element elementor-element-7e02841 elementor-widget elementor-widget-testimonial\" data-id=\"7e02841\" data-element_type=\"widget\" data-e-type=\"widget\" data-widget_type=\"testimonial.default\">\n\t\t\t\t<div class=\"elementor-widget-container\">\n\t\t\t\t\t\t\t<div class=\"elementor-testimonial-wrapper\">\n\t\t\t\t\t\t\t<div class=\"elementor-testimonial-content\">\"Die Geschichten, die wir \u00fcber unser Leben erz\u00e4hlen, k\u00f6nnen uns entweder einschr\u00e4nken oder befreien. <br>Sie neu zu erz\u00e4hlen, kann die Erfahrung ver\u00e4ndern.\"<\/div>\n\t\t\t\n\t\t\t\t\t\t<div class=\"elementor-testimonial-meta\">\n\t\t\t\t<div class=\"elementor-testimonial-meta-inner\">\n\t\t\t\t\t\n\t\t\t\t\t\t\t\t\t\t<div class=\"elementor-testimonial-details\">\n\t\t\t\t\t\t\t\t\t\t\t\t\t\t<div class=\"elementor-testimonial-name\">David Denborough<\/div>\n\t\t\t\t\t\t\t\t\t\t\t\t\t\t\t\t\t\t\t<\/div>\n\t\t\t\t\t\t\t\t\t<\/div>\n\t\t\t<\/div>\n\t\t\t\t\t<\/div>\n\t\t\t\t\t\t<\/div>\n\t\t\t\t<\/div>\n\t\t\t\t<\/div>\n\t\t\t\t\t<\/div>\n\t\t\t\t<\/div>\n\t\t\t\t<\/div>\n\t\t","protected":false},"excerpt":{"rendered":"<p>\u00ae Claudia Ginser Systemische Therapie bedeutet, den Menschen in seinem Beziehungsgeflecht zu sehen und mit ihm gemeinsam neue Perspektiven, L\u00f6sungen und Wege zu entwickeln. Sie ist l\u00f6sungsorientiert, wertsch\u00e4tzend, kreativ und alltagsnah. Statt Ursachen lange zu analysieren, wird nach Handlungsspielraum gesucht \u2013 nach dem, was m\u00f6glich ist. F\u00fcr viele ist genau das eine gro\u00dfe Erleichterung: In <a href=\"https:\/\/www.psychotherapie-ginser.at\/index.php\/rahmenbedinungen-2-2-2-2\/\" class=\"read-more below\">READ MORE<\/a><\/p>\n","protected":false},"author":3,"featured_media":0,"parent":0,"menu_order":0,"comment_status":"closed","ping_status":"closed","template":"","meta":{"footnotes":""},"class_list":["post-157","page","type-page","status-publish","hentry"],"_links":{"self":[{"href":"https:\/\/www.psychotherapie-ginser.at\/index.php\/wp-json\/wp\/v2\/pages\/157","targetHints":{"allow":["GET"]}}],"collection":[{"href":"https:\/\/www.psychotherapie-ginser.at\/index.php\/wp-json\/wp\/v2\/pages"}],"about":[{"href":"https:\/\/www.psychotherapie-ginser.at\/index.php\/wp-json\/wp\/v2\/types\/page"}],"author":[{"embeddable":true,"href":"https:\/\/www.psychotherapie-ginser.at\/index.php\/wp-json\/wp\/v2\/users\/3"}],"replies":[{"embeddable":true,"href":"https:\/\/www.psychotherapie-ginser.at\/index.php\/wp-json\/wp\/v2\/comments?post=157"}],"version-history":[{"count":101,"href":"https:\/\/www.psychotherapie-ginser.at\/index.php\/wp-json\/wp\/v2\/pages\/157\/revisions"}],"predecessor-version":[{"id":790,"href":"https:\/\/www.psychotherapie-ginser.at\/index.php\/wp-json\/wp\/v2\/pages\/157\/revisions\/790"}],"wp:attachment":[{"href":"https:\/\/www.psychotherapie-ginser.at\/index.php\/wp-json\/wp\/v2\/media?parent=157"}],"curies":[{"name":"wp","href":"https:\/\/api.w.org\/{rel}","templated":true}]}}