{"id":143,"date":"2025-06-09T15:36:51","date_gmt":"2025-06-09T15:36:51","guid":{"rendered":"https:\/\/www.psychotherapie-ginser.at\/?page_id=143"},"modified":"2025-12-12T07:41:10","modified_gmt":"2025-12-12T07:41:10","slug":"rahmenbedinungen-2-2-2","status":"publish","type":"page","link":"https:\/\/www.psychotherapie-ginser.at\/index.php\/rahmenbedinungen-2-2-2\/","title":{"rendered":"Rahmenbedingungen"},"content":{"rendered":"\t\t<div data-elementor-type=\"wp-page\" data-elementor-id=\"143\" class=\"elementor elementor-143\">\n\t\t\t\t<div class=\"elementor-element elementor-element-74ebb10 e-flex e-con-boxed e-con e-parent\" data-id=\"74ebb10\" data-element_type=\"container\" data-e-type=\"container\">\n\t\t\t\t\t<div class=\"e-con-inner\">\n\t\t\t\t<div class=\"elementor-element elementor-element-0a5a5b9 elementor-widget elementor-widget-text-editor\" data-id=\"0a5a5b9\" data-element_type=\"widget\" data-e-type=\"widget\" data-widget_type=\"text-editor.default\">\n\t\t\t\t<div class=\"elementor-widget-container\">\n\t\t\t\t\t\t\t\t\t<p style=\"font-weight: 400;\">Bevor wir unsere Zusammenarbeit beginnen, m\u00f6chte ich Ihnen einige Informationen geben. Dabei orientiere ich mich an der gesetzlichen Lage in \u00d6sterreich, sowie an internationalen Standards.<\/p>\t\t\t\t\t\t\t\t<\/div>\n\t\t\t\t<\/div>\n\t\t\t\t\t<\/div>\n\t\t\t\t<\/div>\n\t\t<div class=\"elementor-element elementor-element-19b7752 e-flex e-con-boxed e-con e-parent\" data-id=\"19b7752\" data-element_type=\"container\" data-e-type=\"container\">\n\t\t\t\t\t<div class=\"e-con-inner\">\n\t\t\t\t<div class=\"elementor-element elementor-element-3c9c72d elementor-widget elementor-widget-heading\" data-id=\"3c9c72d\" data-element_type=\"widget\" data-e-type=\"widget\" data-widget_type=\"heading.default\">\n\t\t\t\t<div class=\"elementor-widget-container\">\n\t\t\t\t\t<h3 class=\"elementor-heading-title elementor-size-default\">Was bedeutet \"Psychotherapeutin in Ausbildung unter Supervision\"?<\/h3>\t\t\t\t<\/div>\n\t\t\t\t<\/div>\n\t\t\t\t<div class=\"elementor-element elementor-element-e3ac994 elementor-widget elementor-widget-text-editor\" data-id=\"e3ac994\" data-element_type=\"widget\" data-e-type=\"widget\" data-widget_type=\"text-editor.default\">\n\t\t\t\t<div class=\"elementor-widget-container\">\n\t\t\t\t\t\t\t\t\t<p style=\"font-weight: 400;\">Als Psychotherapeutin in Ausbildung unter Supervision befinde ich mich im letzten Abschnitt meiner mindestens 6 Jahre dauernden Ausbildung. Das Psychotherapiegesetz sieht vor, dass ich weitgehend eigenst\u00e4ndig arbeite, vergleichbar z.B. mit Turnus\u00e4rzt:innen. Daf\u00fcr werde ich von eigens ausgebildeten und sehr erfahrenen Lehrpsychotherapeut:innen begleitet. Ihre Anliegen werden somit (nat\u00fcrlich streng vertraulich und anonymisiert) nicht nur von einer, sondern von zwei Fachpersonen betreut. Meine Lehrpsychotherapeut:innen sind zudem auf dem neuesten Stand der Wissenschaft und bringen neue Methoden und Perspektiven ein. All dies hilft, noch gezielter auf Ihre Bed\u00fcrfnisse einzugehen.<\/p>\t\t\t\t\t\t\t\t<\/div>\n\t\t\t\t<\/div>\n\t\t\t\t\t<\/div>\n\t\t\t\t<\/div>\n\t\t<div class=\"elementor-element elementor-element-e7e89aa e-flex e-con-boxed e-con e-parent\" data-id=\"e7e89aa\" data-element_type=\"container\" data-e-type=\"container\">\n\t\t\t\t\t<div class=\"e-con-inner\">\n\t\t\t\t<div class=\"elementor-element elementor-element-76e9129 elementor-widget elementor-widget-heading\" data-id=\"76e9129\" data-element_type=\"widget\" data-e-type=\"widget\" data-widget_type=\"heading.default\">\n\t\t\t\t<div class=\"elementor-widget-container\">\n\t\t\t\t\t<h3 class=\"elementor-heading-title elementor-size-default\">Wer erf\u00e4hrt von dem, was ich hier erz\u00e4hle?<\/h3>\t\t\t\t<\/div>\n\t\t\t\t<\/div>\n\t\t\t\t<div class=\"elementor-element elementor-element-3f83b7d elementor-widget elementor-widget-text-editor\" data-id=\"3f83b7d\" data-element_type=\"widget\" data-e-type=\"widget\" data-widget_type=\"text-editor.default\">\n\t\t\t\t<div class=\"elementor-widget-container\">\n\t\t\t\t\t\t\t\t\t<p style=\"font-weight: 400;\">Alles, was Sie hier sagen oder tun, bleibt zwischen uns. Als Psychotherapeutin unterliege ich einer besonders strengen Verschwiegenheitspflicht, auch gegen\u00fcber Angeh\u00f6rigen, Beh\u00f6rden, \u00c4rzt:innen etc. Selbstverst\u00e4ndlich bleibt meine Verschwiegenheit auch nach Therapieende bestehen. Details dazu k\u00f6nnen Sie <a href=\"https:\/\/www.sozialministerium.at\/dam\/jcr:d69615f4-ba32-4726-a358-7702091a3708\/Verschwiegenheitspflicht.pdf\" target=\"_blank\" rel=\"noopener\">hier<\/a> einsehen.<\/p>\t\t\t\t\t\t\t\t<\/div>\n\t\t\t\t<\/div>\n\t\t\t\t\t<\/div>\n\t\t\t\t<\/div>\n\t\t<div class=\"elementor-element elementor-element-e7f1f82 e-flex e-con-boxed e-con e-parent\" data-id=\"e7f1f82\" data-element_type=\"container\" data-e-type=\"container\">\n\t\t\t\t\t<div class=\"e-con-inner\">\n\t\t\t\t<div class=\"elementor-element elementor-element-dd65880 elementor-widget elementor-widget-heading\" data-id=\"dd65880\" data-element_type=\"widget\" data-e-type=\"widget\" data-widget_type=\"heading.default\">\n\t\t\t\t<div class=\"elementor-widget-container\">\n\t\t\t\t\t<h3 class=\"elementor-heading-title elementor-size-default\">Und wenn ich noch nicht erwachsen bin?<\/h3>\t\t\t\t<\/div>\n\t\t\t\t<\/div>\n\t\t\t\t<div class=\"elementor-element elementor-element-bdf90af elementor-widget elementor-widget-text-editor\" data-id=\"bdf90af\" data-element_type=\"widget\" data-e-type=\"widget\" data-widget_type=\"text-editor.default\">\n\t\t\t\t<div class=\"elementor-widget-container\">\n\t\t\t\t\t\t\t\t\t<p style=\"font-weight: 400;\">Auch gegen\u00fcber Kindern und Jugendlichen besteht diese strenge Verschwiegenheitspflicht. Wenn du das m\u00f6chtest, dann k\u00f6nnen wir deine Eltern zu einem Gespr\u00e4ch einladen. Davor werden wir genau besprechen, was deine Eltern erfahren sollen.<\/p>\t\t\t\t\t\t\t\t<\/div>\n\t\t\t\t<\/div>\n\t\t\t\t\t<\/div>\n\t\t\t\t<\/div>\n\t\t<div class=\"elementor-element elementor-element-a581013 e-flex e-con-boxed e-con e-parent\" data-id=\"a581013\" data-element_type=\"container\" data-e-type=\"container\">\n\t\t\t\t\t<div class=\"e-con-inner\">\n\t\t\t\t<div class=\"elementor-element elementor-element-97e9cb1 elementor-widget elementor-widget-heading\" data-id=\"97e9cb1\" data-element_type=\"widget\" data-e-type=\"widget\" data-widget_type=\"heading.default\">\n\t\t\t\t<div class=\"elementor-widget-container\">\n\t\t\t\t\t<h3 class=\"elementor-heading-title elementor-size-default\">Wie lange dauert die Therapie?<\/h3>\t\t\t\t<\/div>\n\t\t\t\t<\/div>\n\t\t\t\t<div class=\"elementor-element elementor-element-828c842 elementor-widget elementor-widget-text-editor\" data-id=\"828c842\" data-element_type=\"widget\" data-e-type=\"widget\" data-widget_type=\"text-editor.default\">\n\t\t\t\t<div class=\"elementor-widget-container\">\n\t\t\t\t\t\t\t\t\t<p style=\"font-weight: 400;\">F\u00fcr die Dauer der Psychotherapie gilt das bew\u00e4hrte Motto: \u201aSo kurz wie m\u00f6glich, so lange wie n\u00f6tig.\u2018 Deswegen werden wir immer wieder besprechen, welche Aspekte in der Therapie f\u00fcr Sie hilfreich sind, welche Fortschritte Sie bei sich beobachten und ob Sie Ihrem Ziel schon n\u00e4her gekommen sind. Dies gew\u00e4hrleistet eine hohe therapeutische Qualit\u00e4t und eine hilfreiche Orientierung f\u00fcr Sie.<\/p><p style=\"font-weight: 400;\"><span style=\"font-weight: 400;\">Eine Einzeleinheit mit Kindern, Jugendlichen oder Erwachsenen dauert 50 min.<\/span><\/p><p style=\"font-weight: 400;\">F\u00fcr eine Paartherapie, ein Elterngespr\u00e4ch oder eine Familiensitzung hat sich eine Doppeleinheit von 90 min bew\u00e4hrt.<\/p>\t\t\t\t\t\t\t\t<\/div>\n\t\t\t\t<\/div>\n\t\t\t\t\t<\/div>\n\t\t\t\t<\/div>\n\t\t<div class=\"elementor-element elementor-element-18477bf e-flex e-con-boxed e-con e-parent\" data-id=\"18477bf\" data-element_type=\"container\" data-e-type=\"container\">\n\t\t\t\t\t<div class=\"e-con-inner\">\n\t\t\t\t<div class=\"elementor-element elementor-element-bf88b40 elementor-widget elementor-widget-heading\" data-id=\"bf88b40\" data-element_type=\"widget\" data-e-type=\"widget\" data-widget_type=\"heading.default\">\n\t\t\t\t<div class=\"elementor-widget-container\">\n\t\t\t\t\t<h3 class=\"elementor-heading-title elementor-size-default\">Honorar<\/h3>\t\t\t\t<\/div>\n\t\t\t\t<\/div>\n\t\t\t\t<div class=\"elementor-element elementor-element-a1a14c3 elementor-widget elementor-widget-text-editor\" data-id=\"a1a14c3\" data-element_type=\"widget\" data-e-type=\"widget\" data-widget_type=\"text-editor.default\">\n\t\t\t\t<div class=\"elementor-widget-container\">\n\t\t\t\t\t\t\t\t\t<p style=\"font-weight: 400;\">Mein Honorar betr\u00e4gt<\/p><p style=\"font-weight: 400;\"><strong>F\u00fcr eine Einzeleinheit von 50 min\u00a0\u00a0\u00a0\u00a0\u00a0 \u00a0\u00a0\u00a0\u00a0\u00a0\u00a0\u00a0\u00a0\u00a0\u00a0\u00a0\u00a0\u00a0\u00a0\u00a0\u00a0 \u20ac 90<br \/><\/strong><strong>F\u00fcr eine Doppeleinheit von 90 min\u00a0\u00a0\u00a0\u00a0\u00a0\u00a0\u00a0\u00a0\u00a0\u00a0\u00a0\u00a0\u00a0\u00a0\u00a0\u00a0\u00a0\u00a0\u00a0\u00a0 \u20ac 180<\/strong><\/p><p style=\"font-weight: 400;\">Psychotherapie ist mehrwertsteuerbefreit.\u00a0<span style=\"font-size: 14px; letter-spacing: 0px;\">Eine R\u00fcckverg\u00fctung durch die Krankenkasse ist im Status \u201aIn Ausbildung unter Supervision\u2018 nicht m\u00f6glich.<\/span><\/p><p style=\"font-weight: 400;\"><span style=\"font-weight: 400;\"><strong>Sozial- und Studierendentarife<\/strong> sind auf Anfrage m\u00f6glich.<\/span><\/p>\t\t\t\t\t\t\t\t<\/div>\n\t\t\t\t<\/div>\n\t\t\t\t\t<\/div>\n\t\t\t\t<\/div>\n\t\t<div class=\"elementor-element elementor-element-188add9 e-flex e-con-boxed e-con e-parent\" data-id=\"188add9\" data-element_type=\"container\" data-e-type=\"container\">\n\t\t\t\t\t<div class=\"e-con-inner\">\n\t\t\t\t<div class=\"elementor-element elementor-element-3eaf026 elementor-widget elementor-widget-heading\" data-id=\"3eaf026\" data-element_type=\"widget\" data-e-type=\"widget\" data-widget_type=\"heading.default\">\n\t\t\t\t<div class=\"elementor-widget-container\">\n\t\t\t\t\t<h2 class=\"elementor-heading-title elementor-size-default\">Zahlungsmodalit\u00e4ten<\/h2>\t\t\t\t<\/div>\n\t\t\t\t<\/div>\n\t\t\t\t\t<\/div>\n\t\t\t\t<\/div>\n\t\t<div class=\"elementor-element elementor-element-1b157f5 e-flex e-con-boxed e-con e-parent\" data-id=\"1b157f5\" data-element_type=\"container\" data-e-type=\"container\">\n\t\t\t\t\t<div class=\"e-con-inner\">\n\t\t\t\t<div class=\"elementor-element elementor-element-51d74d8 elementor-widget elementor-widget-text-editor\" data-id=\"51d74d8\" data-element_type=\"widget\" data-e-type=\"widget\" data-widget_type=\"text-editor.default\">\n\t\t\t\t<div class=\"elementor-widget-container\">\n\t\t\t\t\t\t\t\t\t<p>Sie haben die M\u00f6glichkeit, vor Ort in bar zu bezahlen oder das Honorar zu \u00fcberweisen.<\/p>\t\t\t\t\t\t\t\t<\/div>\n\t\t\t\t<\/div>\n\t\t\t\t\t<\/div>\n\t\t\t\t<\/div>\n\t\t<div class=\"elementor-element elementor-element-a893e1d e-flex e-con-boxed e-con e-parent\" data-id=\"a893e1d\" data-element_type=\"container\" data-e-type=\"container\">\n\t\t\t\t\t<div class=\"e-con-inner\">\n\t\t\t\t<div class=\"elementor-element elementor-element-6f59955 elementor-widget elementor-widget-heading\" data-id=\"6f59955\" data-element_type=\"widget\" data-e-type=\"widget\" data-widget_type=\"heading.default\">\n\t\t\t\t<div class=\"elementor-widget-container\">\n\t\t\t\t\t<h3 class=\"elementor-heading-title elementor-size-default\">Absageregelung<\/h3>\t\t\t\t<\/div>\n\t\t\t\t<\/div>\n\t\t\t\t<div class=\"elementor-element elementor-element-699c006 elementor-widget elementor-widget-text-editor\" data-id=\"699c006\" data-element_type=\"widget\" data-e-type=\"widget\" data-widget_type=\"text-editor.default\">\n\t\t\t\t<div class=\"elementor-widget-container\">\n\t\t\t\t\t\t\t\t\t<p style=\"font-weight: 400;\">Vereinbarte Termine m\u00fcssen auch dann bezahlt werden, wenn Sie diese nicht in Anspruch nehmen. Eine <strong>zeitgerechte Absage sp\u00e4testens 48 Stunden<\/strong> vorher befreit Sie von dieser Verpflichtung.<\/p>\t\t\t\t\t\t\t\t<\/div>\n\t\t\t\t<\/div>\n\t\t\t\t\t<\/div>\n\t\t\t\t<\/div>\n\t\t<div class=\"elementor-element elementor-element-c129447 e-flex e-con-boxed e-con e-parent\" data-id=\"c129447\" data-element_type=\"container\" data-e-type=\"container\">\n\t\t\t\t\t<div class=\"e-con-inner\">\n\t\t\t\t<div class=\"elementor-element elementor-element-4c1b45f elementor-widget elementor-widget-heading\" data-id=\"4c1b45f\" data-element_type=\"widget\" data-e-type=\"widget\" data-widget_type=\"heading.default\">\n\t\t\t\t<div class=\"elementor-widget-container\">\n\t\t\t\t\t<h3 class=\"elementor-heading-title elementor-size-default\">Datenverarbeitung<\/h3>\t\t\t\t<\/div>\n\t\t\t\t<\/div>\n\t\t\t\t<div class=\"elementor-element elementor-element-d770f8d elementor-widget elementor-widget-text-editor\" data-id=\"d770f8d\" data-element_type=\"widget\" data-e-type=\"widget\" data-widget_type=\"text-editor.default\">\n\t\t\t\t<div class=\"elementor-widget-container\">\n\t\t\t\t\t\t\t\t\t<p style=\"font-weight: 400;\">Ihre pers\u00f6nlichen Daten, die Sie mir per Datenblatt angeben, speichere ich nur zum Zwecke der Honorarlegung. Bitte lassen Sie mich wissen, wenn Sie nicht per E-Mail oder sms f\u00fcr Terminverschiebungen, Honorarnotenlegung oder andere wichtige Informationen von mir kontaktiert werden wollen.<\/p>\t\t\t\t\t\t\t\t<\/div>\n\t\t\t\t<\/div>\n\t\t\t\t\t<\/div>\n\t\t\t\t<\/div>\n\t\t<div class=\"elementor-element elementor-element-6a568d5 e-flex e-con-boxed e-con e-parent\" data-id=\"6a568d5\" data-element_type=\"container\" data-e-type=\"container\">\n\t\t\t\t\t<div class=\"e-con-inner\">\n\t\t\t\t<div class=\"elementor-element elementor-element-4a5e289 elementor-widget elementor-widget-heading\" data-id=\"4a5e289\" data-element_type=\"widget\" data-e-type=\"widget\" data-widget_type=\"heading.default\">\n\t\t\t\t<div class=\"elementor-widget-container\">\n\t\t\t\t\t<h3 class=\"elementor-heading-title elementor-size-default\">Wie erreiche ich Sie?<\/h3>\t\t\t\t<\/div>\n\t\t\t\t<\/div>\n\t\t\t\t<div class=\"elementor-element elementor-element-980b417 elementor-widget elementor-widget-text-editor\" data-id=\"980b417\" data-element_type=\"widget\" data-e-type=\"widget\" data-widget_type=\"text-editor.default\">\n\t\t\t\t<div class=\"elementor-widget-container\">\n\t\t\t\t\t\t\t\t\t<p style=\"font-weight: 400;\">Sie erreichen mich unter<\/p><p><strong>Claudia Ginser<\/strong><br \/>Psychotherapeutin in Ausbildung unter Supervision<\/p><p><strong>Telefon:<\/strong> 0670 771 5551<br \/><strong>Email: <\/strong><a href=\"mailto:praxis@psychotherapie-ginser.at\">praxis@psychotherapie-ginser.at<\/a><\/p><p><strong>Praxis Wien<br \/><\/strong>Geblergasse 14\/17,<br \/>1170 Wien<\/p><p><strong>Praxis Purkersdorf<br \/><\/strong><a href=\"https:\/\/ist.or.at\/west\/\" target=\"_blank\" rel=\"noopener\">IST West<\/a> \/ Praxisgemeinschaft Schloss Purkersdorf<br \/>Hauptplatz 6<br \/>3002\u00a0<\/p>\t\t\t\t\t\t\t\t<\/div>\n\t\t\t\t<\/div>\n\t\t\t\t\t<\/div>\n\t\t\t\t<\/div>\n\t\t\t\t<\/div>\n\t\t","protected":false},"excerpt":{"rendered":"<p>Bevor wir unsere Zusammenarbeit beginnen, m\u00f6chte ich Ihnen einige Informationen geben. Dabei orientiere ich mich an der gesetzlichen Lage in \u00d6sterreich, sowie an internationalen Standards. Was bedeutet &#8222;Psychotherapeutin in Ausbildung unter Supervision&#8220;? Als Psychotherapeutin in Ausbildung unter Supervision befinde ich mich im letzten Abschnitt meiner mindestens 6 Jahre dauernden Ausbildung. Das Psychotherapiegesetz sieht vor, dass <a href=\"https:\/\/www.psychotherapie-ginser.at\/index.php\/rahmenbedinungen-2-2-2\/\" class=\"read-more below\">READ MORE<\/a><\/p>\n","protected":false},"author":3,"featured_media":0,"parent":0,"menu_order":0,"comment_status":"closed","ping_status":"closed","template":"elementor_header_footer","meta":{"footnotes":""},"class_list":["post-143","page","type-page","status-publish","hentry"],"_links":{"self":[{"href":"https:\/\/www.psychotherapie-ginser.at\/index.php\/wp-json\/wp\/v2\/pages\/143","targetHints":{"allow":["GET"]}}],"collection":[{"href":"https:\/\/www.psychotherapie-ginser.at\/index.php\/wp-json\/wp\/v2\/pages"}],"about":[{"href":"https:\/\/www.psychotherapie-ginser.at\/index.php\/wp-json\/wp\/v2\/types\/page"}],"author":[{"embeddable":true,"href":"https:\/\/www.psychotherapie-ginser.at\/index.php\/wp-json\/wp\/v2\/users\/3"}],"replies":[{"embeddable":true,"href":"https:\/\/www.psychotherapie-ginser.at\/index.php\/wp-json\/wp\/v2\/comments?post=143"}],"version-history":[{"count":56,"href":"https:\/\/www.psychotherapie-ginser.at\/index.php\/wp-json\/wp\/v2\/pages\/143\/revisions"}],"predecessor-version":[{"id":979,"href":"https:\/\/www.psychotherapie-ginser.at\/index.php\/wp-json\/wp\/v2\/pages\/143\/revisions\/979"}],"wp:attachment":[{"href":"https:\/\/www.psychotherapie-ginser.at\/index.php\/wp-json\/wp\/v2\/media?parent=143"}],"curies":[{"name":"wp","href":"https:\/\/api.w.org\/{rel}","templated":true}]}}